{"id":50894,"date":"2024-01-24T15:12:03","date_gmt":"2024-01-24T15:12:03","guid":{"rendered":"https:\/\/www.clubatletismoalamillo.com\/?page_id=50894"},"modified":"2024-02-15T22:49:43","modified_gmt":"2024-02-15T22:49:43","slug":"one-page-express","status":"publish","type":"page","link":"https:\/\/www.clubatletismoalamillo.com\/","title":{"rendered":"Front Page"},"content":{"rendered":"<div  data-label=\"Overlapable\" data-id=\"stripped-features-overlapped-icons-section\" data-category=\"overlapable\" class=\"features-overlapped-icons-section stripped-features-overlapped-icons-section\" data-overlap=\"true\" id=\"overlapable-4\" style=\"background-color: rgb(255, 255, 255);\"> <div  class=\"gridContainer\"> <div  class=\"features-overlapped-icons-featuresrow flexbox-list\" data-type=\"row\"> <div  class=\"features-large-icons-featcol cp6cols-tablet cp4cols\"> <div  class=\"features-overlapped-icons-featinnerrow\"> <div  class=\"features-icon-container\"><i  data-cp-fa=\"true\" class=\"font-icon-features-icon-container fa fa-apple\"><\/i> <\/div>\t<div  data-type=\"column\" class=\"\"> <h4  class=\"\">Salud y Deporte<\/h4> <p  class=\"\">Sabemos que no se hace un atleta de la noche a la ma\u00f1ana. Respetar los tiempos har\u00e1 que construyamos un gran deportista<\/p> <\/div><\/div> <\/div> <div  class=\"features-large-icons-featcol cp6cols-tablet cp4cols\"> <div  class=\"features-overlapped-icons-featinnerrow\"> <div  class=\"features-icon-container\"><i  data-cp-fa=\"true\" class=\"font-icon-features-icon-container fa fa-star\"><\/i> <\/div>\t<div  data-type=\"column\" class=\"\"> <h4  class=\"\">Garant\u00eda de Experiencia<\/h4> <p  class=\"\">Nuestra experiencia al servicio del deporte durante a\u00f1os, avalada por los resultados, nos coloca como referentes del atletismo a todos los niveles<\/p> <\/div><\/div> <\/div> <div  class=\"features-large-icons-featcol cp6cols-tablet cp4cols\"> <div  class=\"features-overlapped-icons-featinnerrow\"> <div  class=\"features-icon-container\"><i  data-cp-fa=\"true\" class=\"font-icon-features-icon-container fa fa-mortar-board\"><\/i> <\/div>\t<div  data-type=\"column\" class=\"\"> <h4  class=\"\">Programa Generaci\u00f3n de Talentos<\/h4> <p  class=\"\">Los entrenadores visitan colegios con el fin de ver qu\u00e9 estudiantes tienen potencial para nuestra actividad<\/p> <\/div><\/div> <\/div> <div  class=\"features-large-icons-featcol cp6cols-tablet cp4cols\"> <div  class=\"features-overlapped-icons-featinnerrow\"> <div  class=\"features-icon-container\"><i  data-cp-fa=\"true\" class=\"font-icon-features-icon-container fa fa-clock-o\"><\/i> <\/div>\t<div  data-type=\"column\" class=\"\"> <h4  class=\"\">Horarios Adaptados<\/h4> <p  class=\"\">Nuestros diferentes horarios y d\u00edas de trabajo se adaptan a tus necesidades<\/p><a href=\"#horarios\" class=\"\" target=\"_self\" rel=\"noopener\">Horarios<\/a> <\/div><\/div> <\/div> <div  class=\"features-large-icons-featcol cp6cols-tablet cp4cols\"> <div  class=\"features-overlapped-icons-featinnerrow\"> <div  class=\"features-icon-container\"><i  data-cp-fa=\"true\" class=\"font-icon-features-icon-container fa fa-instagram\"><\/i> <\/div>\t<div  data-type=\"column\" class=\"\"> <h4  class=\"\">Comunicaci\u00f3n y Medios<\/h4> <p  class=\"\">Utilizamos las redes sociales como herramienta divulgadora. Estamos en continuo crecimiento por y para t\u00ed<\/p><a href=\"https:\/\/www.clubatletismoalamillo.com?igshid=OGQ5ZDc2ODk2ZA%3D%3D#instagram.com\/atletismoalamillo?igshid=OGQ5ZDc2ODk2ZA%3D%3D\" class=\"\" target=\"_blank\" rel=\"noopener\">Instagram Atletismo Alamillo<\/a> <div  class=\"spacer\" data-type=\"group\"><span  class=\"fa before\"><\/span><i  class=\"fa fa-bandcamp\"><\/i><span  class=\"fa after\"><\/span><\/div><a href=\"https:\/\/www.tiktok.com\/@atletismoalamillo\" class=\"\" target=\"_blank\" rel=\"noopener\">Tik-Tok Atletismo Alamillo<\/a><div class=\"spacer\" data-type=\"group\" ><span class=\"fa before\" ><\/span><i class=\"fa fa-bandcamp\" ><\/i><span class=\"fa after\" ><\/span><\/div><a href=\"https:\/\/www.linkedin.com\/company\/atletismo-alamillo\" class=\"\" target=\"_blank\" rel=\"noopener\">LinkedIn Atletismo Alamillo<\/a><\/div><\/div> <\/div><div  class=\"features-large-icons-featcol cp6cols-tablet cp4cols\"> <div  class=\"features-overlapped-icons-featinnerrow\"> <div  class=\"features-icon-container\"><i  data-cp-fa=\"true\" class=\"font-icon-features-icon-container fa fa-recycle\"><\/i> <\/div>\t<div  data-type=\"column\" class=\"\"> <h4  class=\"\">Sostenibilidad: \n<br >Banco de Zapatillas<\/h4> <p  class=\"\">Los atletas a los que se le han quedado peque\u00f1as las zapatillas, las dejan en el club para que otros atletas las puedan reutilizar<\/p> <\/div><\/div> <\/div><\/div> <\/div><\/div><div  id=\"prueba-gratis\" style=\"background-color: rgb(255, 255, 255);\" data-label=\"Prueba gratis\" data-id=\"about-big-images-section\" data-category=\"about\" class=\"about-big-images-section\"> <div  class=\"gridContainer\"> <div  class=\"about-big-images-textrow\"> <div  class=\"about-big-images-textcol dynamic-color\" data-type=\"column\"> <h5  class=\"\">7 d\u00edas GRATIS te esperan!<\/h5> <h3  class=\"\">Reg\u00edstrate ahora y vive la experiencia\n<br ><span  href=\"#\" class=\"span25\">Atletismo Alamillo<\/span><\/h3>  <a class=\"button blue big\" href=\"#contacta\" target=\"_self\" rel=\"noopener\">QUIERO PROBAR GRATIS<\/a> <div  class=\"spacer\" data-type=\"group\"><span  class=\"fa before\"><\/span><i  class=\"fa fa-bandcamp\" data-reiki-hidden=\"true\"><\/i><span  class=\"fa after\"><\/span><\/div><\/div> <\/div> <\/div> <div  class=\"about-big-images-bottomrow\"> <div  class=\"about-big-images-leftimgcol\"><img  decoding=\"async\" class=\"about-big-images-leftimg\" src=\"http:\/\/www.clubatletismoalamillo.com\/wp-content\/uploads\/2023\/10\/mt-sample-background-1536x1024-1024x683-150x150.jpg\" alt=\"\"> <\/div> <div  class=\"about-big-images-centerimgcol\"><img  decoding=\"async\" class=\"about-big-images-centerimg\" src=\"http:\/\/www.clubatletismoalamillo.com\/wp-content\/uploads\/2024\/02\/IMG_5695.jpg\" alt=\"\"> <\/div> <div  class=\"about-big-images-rightimgcol\"><img  decoding=\"async\" class=\"about-big-images-rightimg\" src=\"http:\/\/www.clubatletismoalamillo.com\/wp-content\/uploads\/2023\/10\/mt-sample-background-1536x1024-1024x683-150x150.jpg\" alt=\"\"> <\/div> <\/div> <\/div><div  data-label=\"Programas\" data-id=\"features-square-image-section\" data-category=\"features\" class=\"features-square-image-section\" id=\"programas\" style=\"background-color: rgb(255, 255, 255);\"> <div  class=\"dynamic-color gridContainer\"> <div  class=\"features-square-image-textrow\"> <div  class=\"features-square-image-textcol\" data-type=\"column\"> <h2  class=\"\">Nuestros Programas Deportivos<\/h2> <p  class=\"\">Creamos programas adaptados para todos los niveles<\/p> <\/div> <\/div> <div  class=\"features-square-image-innerrow\" data-type=\"row\"> <div  class=\"features-square-image-featcol cp4cols cp6cols-tablet\"><img  decoding=\"async\" class=\"features-square-image-featimg\" src=\"http:\/\/www.clubatletismoalamillo.com\/wp-content\/uploads\/2024\/02\/Peques_500x500v02-e1707917220319.png\" alt=\"\"> <h4  class=\"\">Peque Atletas<\/h4> <p  class=\"\">Unimos las actividades psicomotoras y la iniciaci\u00f3n atl\u00e9tica para desarrollar futuros grandes atletas<\/p>  <\/div> <div  class=\"features-square-image-featcol cp4cols cp6cols-tablet\"><img  decoding=\"async\" class=\"features-square-image-featimg\" src=\"http:\/\/www.clubatletismoalamillo.com\/wp-content\/uploads\/2024\/02\/formacioncontorno-e1708033338217.jpeg\" alt=\"\"> <h4  class=\"\">Atletas Formaci\u00f3n<\/h4> <p  class=\"\">Programa para establecer un nexo de uni\u00f3n entre las escuelas de iniciaci\u00f3n al atletismo y las pruebas atl\u00e9ticas de baja complejidad<\/p> <\/div> <div  class=\"features-square-image-featcol cp4cols cp6cols-tablet\"><img  decoding=\"async\" class=\"features-square-image-featimg\" src=\"http:\/\/www.clubatletismoalamillo.com\/wp-content\/uploads\/2024\/02\/tecnificacioncontorno-e1708033420611.jpeg\" alt=\"\"> <h4  class=\"\">Tecnificaci\u00f3n Atl\u00e9tica<\/h4> <p  class=\"\">Unimos la formaci\u00f3n atl\u00e9tica inicial y el atletismo de competici\u00f3n regional y nacional<\/p> <\/div> <div  class=\"features-square-image-featcol cp4cols cp6cols-tablet\"><img  decoding=\"async\" class=\"features-square-image-featimg\" src=\"http:\/\/www.clubatletismoalamillo.com\/wp-content\/uploads\/2024\/02\/ManuelAlonsoV01.jpeg\" alt=\"\"> <h4  class=\"\">Alto Rendimiento<\/h4> <p  class=\"\">Programa para ascender a la \u00e9lite del atletismo nacional e internacional<\/p>  <\/div><div  class=\"features-square-image-featcol cp4cols cp6cols-tablet\"><img  decoding=\"async\" class=\"features-square-image-featimg\" src=\"http:\/\/www.clubatletismoalamillo.com\/wp-content\/uploads\/2024\/02\/Diseno-sin-titulo-6-e1707929492522.png\" alt=\"\"> <h4  class=\"\">Running<\/h4> <p  class=\"\">Aplicamos nuestra experiencia y conocimiento al mundo del Running<\/p>  <\/div><\/div> <\/div><\/div><div  id=\"horarios\" style=\"background-color: rgb(255, 255, 255);\" data-label=\"Horarios\" data-id=\"content-image-left\" data-category=\"content\" class=\"content-left-image-section\"> <div  class=\"gridContainer\"> <div  class=\"row\"> <div  class=\"content-left-image-imgcol\" data-type=\"column\"> <img  decoding=\"async\" src=\"http:\/\/www.clubatletismoalamillo.com\/wp-content\/uploads\/2023\/10\/alamillo-recurso-zapatillas.png\" class=\"\" alt=\"\"> <\/div> <div  class=\"content-left-image-textcol dynamic-color\" data-type=\"column\"> <h2  class=\"\">HORARIOS DE LOS DIFERENTES GRUPOS<\/h2> <p  class=\"large_text\">Gestionar las m\u00faltiples actividades que nuestros ni\u00f1os y j\u00f3venes llevan a cabo, junto con los programas semanales, pueden convertirse en todo un desaf\u00edo para madres y padres, por lo que te ofrecemos unos horarios que se adaptan para que puedas incluir el deporte junto con el resto de demandas familiares<\/p>  <div  class=\"spacer\" data-type=\"group\"><span  class=\"fa before\"><\/span><i  class=\"fa fa-bandcamp\" data-reiki-hidden=\"true\"><\/i><span  class=\"fa after\"><\/span><\/div><h4  class=\"\">Flexibilidad<\/h4><h4  class=\"\">Alta Disponibilidad<\/h4><h4  class=\"\">Compatibilidad Estudios &amp; Deporte<\/h4><\/div> <\/div> <\/div> <\/div><div  id=\"content-4\" style=\"background-color: #f6f6f6;\" data-label=\"Content\" data-id=\"content-image-right\" data-category=\"content\" class=\"content-right-image-section\"> <div  class=\"gridContainer\"> <div  class=\"content-right-image-gridcol\"> <div  class=\"content-right-image-textcol dynamic-color\" data-type=\"column\">    <\/div> <div  class=\"content-right-image-imgcol\" data-type=\"column\"> <h3  class=\"\">LUNES\n<br ><\/h3><img  decoding=\"async\" src=\"http:\/\/www.clubatletismoalamillo.com\/wp-content\/uploads\/2024\/02\/Lunes.png\" class=\"\" alt=\"\"><h3  class=\"\">MARTES\n<br ><\/h3> <img  decoding=\"async\" class=\"custom-image\" src=\"http:\/\/www.clubatletismoalamillo.com\/wp-content\/uploads\/2024\/02\/martes4.png\" alt=\"\"><h3  class=\"\">MI\u00c9RCOLES\n<br ><\/h3><img  decoding=\"async\" class=\"custom-image\" src=\"http:\/\/www.clubatletismoalamillo.com\/wp-content\/uploads\/2024\/02\/MIERCOLES.png\" alt=\"\"><h3  class=\"\">JUEVES\n<br ><\/h3><img  decoding=\"async\" class=\"custom-image\" src=\"http:\/\/www.clubatletismoalamillo.com\/wp-content\/uploads\/2024\/02\/Jueves2.png\" alt=\"\"><h3  class=\"\">VIERNES\n<br ><\/h3><img  decoding=\"async\" class=\"custom-image\" src=\"http:\/\/www.clubatletismoalamillo.com\/wp-content\/uploads\/2024\/02\/VIERNES.png\" alt=\"\"><\/div> <\/div> <\/div> <\/div><div  data-label=\"Team\" data-id=\"team-small-section\" data-category=\"team\" class=\"team-small-section\" id=\"team\" style=\"background-color: rgb(246, 246, 246);\"> <div  class=\"gridContainer dynamic-color\"> <div  class=\"team-small-textcol\" data-type=\"column\"> <h2  class=\"\">Nuestro Cuerpo T\u00e9cnico<\/h2>  <\/div> <div  class=\"team-small-memberrow\" data-type=\"row\"> <div  class=\"team-small-membercol\"><img  decoding=\"async\" class=\"team-small-memberimg-normal\" data-size=\"500x500\" src=\"http:\/\/www.clubatletismoalamillo.com\/wp-content\/uploads\/2023\/10\/cropped-cropped-Carmen-Rodriguez-Fernandez-fondologo-1-259x300-1.jpg\" alt=\"\"> <h4  class=\"\">Carmen Rodr\u00edguez<\/h4> <p  class=\"\">Fundadora&nbsp; &amp; Headcoach<\/p> <div  class=\"team-small-iconsrow\" data-type=\"group\"> <a href=\"#\" target=\"_self\" rel=\"noopener\"><i  data-cp-fa=\"true\" class=\"team-icon fa fa-linkedin\"><\/i><\/a> <a href=\"#\" target=\"_self\" data-reiki-hidden=\"true\" rel=\"noopener\"><i  data-cp-fa=\"true\" class=\"fa team-icon fa-twitter\"><\/i><\/a> <a href=\"#\" target=\"_self\" data-reiki-hidden=\"true\" rel=\"noopener\"><i  data-cp-fa=\"true\" class=\"fa team-icon fa-dribbble\"><\/i><\/a> <\/div> <\/div> <div  class=\"team-small-membercol\"><img  decoding=\"async\" class=\"team-small-memberimg-normal\" data-size=\"500x500\" src=\"http:\/\/www.clubatletismoalamillo.com\/wp-content\/uploads\/2023\/10\/cropped-Miguel-Mora-Zaya-fondologo-1-1-259x300-1.jpg\" alt=\"\"> <h4  class=\"\">Miguel Mora<\/h4> <p  class=\"\">Coordinador General<\/p> <div  class=\"team-small-iconsrow\" data-type=\"group\"> <a href=\"#\" target=\"_self\" rel=\"noopener\"><i  data-cp-fa=\"true\" class=\"team-icon fa fa-linkedin\"><\/i><\/a> <a href=\"#\" target=\"_self\" data-reiki-hidden=\"true\" rel=\"noopener\"><i  data-cp-fa=\"true\" class=\"fa team-icon fa-twitter\"><\/i><\/a> <a href=\"#\" target=\"_self\" data-reiki-hidden=\"true\" rel=\"noopener\"><i  data-cp-fa=\"true\" class=\"fa team-icon fa-dribbble\"><\/i><\/a> <\/div> <\/div> <div  class=\"team-small-membercol\"><img  decoding=\"async\" class=\"team-small-memberimg-normal\" data-size=\"500x500\" src=\"http:\/\/www.clubatletismoalamillo.com\/wp-content\/uploads\/2023\/10\/cropped-cropped-Jose-Velazquez-fondologo-259x300-1.jpg\" alt=\"\"> <h4  class=\"\">Jos\u00e9 Vel\u00e1zquez<\/h4> <p  class=\"\">Assistant Coach<\/p> <div  class=\"team-small-iconsrow\" data-type=\"group\"> <a href=\"#\" target=\"_self\" rel=\"noopener\"><i  data-cp-fa=\"true\" class=\"team-icon fa fa-linkedin\"><\/i><\/a> <a href=\"#\" target=\"_self\" data-reiki-hidden=\"true\" rel=\"noopener\"><i  data-cp-fa=\"true\" class=\"fa team-icon fa-twitter\"><\/i><\/a> <a href=\"#\" target=\"_self\" data-reiki-hidden=\"true\" rel=\"noopener\"><i  data-cp-fa=\"true\" class=\"fa team-icon fa-dribbble\"><\/i><\/a> <\/div> <\/div> <div  class=\"team-small-membercol\"><img  decoding=\"async\" class=\"team-small-memberimg-normal\" data-size=\"500x500\" src=\"http:\/\/www.clubatletismoalamillo.com\/wp-content\/uploads\/2023\/10\/cropped-Rocio-Serrano-fondologo-259x300-1.jpg\" alt=\"\"> <h4  class=\"\">Roc\u00edo Serrano<\/h4> <p  class=\"\">Assistant Coach<\/p> <div  class=\"team-small-iconsrow\" data-type=\"group\"> <a href=\"#\" target=\"_self\" rel=\"noopener\"><i  data-cp-fa=\"true\" class=\"team-icon fa fa-linkedin\"><\/i><\/a> <a href=\"#\" target=\"_self\" data-reiki-hidden=\"true\" rel=\"noopener\"><i  data-cp-fa=\"true\" class=\"fa team-icon fa-twitter\"><\/i><\/a> <a href=\"#\" target=\"_self\" data-reiki-hidden=\"true\" rel=\"noopener\"><i  data-cp-fa=\"true\" class=\"fa team-icon fa-dribbble\"><\/i><\/a> <\/div> <\/div> <div  class=\"team-small-membercol\"><img  decoding=\"async\" class=\"team-small-memberimg-normal\" data-size=\"500x500\" src=\"http:\/\/www.clubatletismoalamillo.com\/wp-content\/uploads\/2024\/02\/cropped-carlos3.jpg\" alt=\"\"> <h4  class=\"\">Carlos Leal<\/h4> <p  class=\"\">Assistant Coach<\/p> <div  class=\"team-small-iconsrow\" data-type=\"group\"> <a href=\"#\" target=\"_self\" rel=\"noopener\"><i  data-cp-fa=\"true\" class=\"team-icon fa fa-linkedin\"><\/i><\/a> <a href=\"#\" target=\"_self\" data-reiki-hidden=\"true\" rel=\"noopener\"><i  data-cp-fa=\"true\" class=\"fa team-icon fa-twitter\"><\/i><\/a> <a href=\"#\" target=\"_self\" data-reiki-hidden=\"true\" rel=\"noopener\"><i  data-cp-fa=\"true\" class=\"fa team-icon fa-dribbble\"><\/i><\/a> <\/div> <\/div> <div  class=\"team-small-membercol\"><img  decoding=\"async\" class=\"team-small-memberimg-normal\" data-size=\"500x500\" src=\"http:\/\/www.clubatletismoalamillo.com\/wp-content\/uploads\/2024\/02\/cropped-WhatsApp-Image-2024-02-13-at-09.13.54.jpeg\" alt=\"\"> <h4  class=\"\">Ketchina Rold\u00e1n<\/h4> <p  class=\"\">Assistant Coach<\/p> <div  class=\"team-small-iconsrow\" data-type=\"group\"> <a href=\"#\" target=\"_self\" rel=\"noopener\"><i  data-cp-fa=\"true\" class=\"team-icon fa fa-linkedin\"><\/i><\/a> <a href=\"#\" target=\"_self\" data-reiki-hidden=\"true\" rel=\"noopener\"><i  data-cp-fa=\"true\" class=\"fa team-icon fa-twitter\"><\/i><\/a> <a href=\"#\" target=\"_self\" data-reiki-hidden=\"true\" rel=\"noopener\"><i  data-cp-fa=\"true\" class=\"fa team-icon fa-dribbble\"><\/i><\/a> <\/div> <\/div> <\/div> <\/div><\/div><div  id=\"contacta\" data-label=\"Contacta\" data-id=\"cta-blue-section\" data-category=\"cta\" class=\"cta-blue-section\"> <div  class=\"\"> <div  class=\"flexbox-list flexbox-list-align-center row\"> <div  class=\"cta-blue-textcol dynamic-color\"> <h2  class=\"cta-blue-text\">\u00abNuestro modelo de ense\u00f1anza se basa en una filosof\u00eda de vida. Cuidar y cultivar la formaci\u00f3n continua del deportista nos proporcionar\u00e1 un ser humano integral\u00bb<\/h2> <\/div> <div  class=\"cta-blue-btncol\"> <a class=\"button big yellow dark-text\" href=\"mailto:alamillosecretaria@gmail.com\" target=\"_blank\" rel=\"noopener\"> CONTACTA <\/a> <\/div> <\/div> <\/div> <\/div>","protected":false},"excerpt":{"rendered":"<p>Salud y Deporte Sabemos que no se hace un atleta de la noche a la ma\u00f1ana. Respetar los tiempos har\u00e1 que construyamos un gran deportista Garant\u00eda de Experiencia Nuestra experiencia al servicio del deporte durante a\u00f1os, avalada por los resultados, nos coloca como referentes del atletismo a todos los niveles Programa Generaci\u00f3n de Talentos Los&hellip; <br \/> <a class=\"button small blue\" href=\"https:\/\/www.clubatletismoalamillo.com\/?p=49822\">Leer m\u00e1s<\/a><\/p>\n","protected":false},"author":1,"featured_media":0,"parent":0,"menu_order":0,"comment_status":"closed","ping_status":"closed","template":"","meta":{"_themeisle_gutenberg_block_has_review":false,"_ti_tpc_template_sync":false,"_ti_tpc_template_id":"","footnotes":""},"class_list":["post-50894","page","type-page","status-publish","hentry"],"_links":{"self":[{"href":"https:\/\/www.clubatletismoalamillo.com\/index.php?rest_route=\/wp\/v2\/pages\/50894","targetHints":{"allow":["GET"]}}],"collection":[{"href":"https:\/\/www.clubatletismoalamillo.com\/index.php?rest_route=\/wp\/v2\/pages"}],"about":[{"href":"https:\/\/www.clubatletismoalamillo.com\/index.php?rest_route=\/wp\/v2\/types\/page"}],"author":[{"embeddable":true,"href":"https:\/\/www.clubatletismoalamillo.com\/index.php?rest_route=\/wp\/v2\/users\/1"}],"replies":[{"embeddable":true,"href":"https:\/\/www.clubatletismoalamillo.com\/index.php?rest_route=%2Fwp%2Fv2%2Fcomments&post=50894"}],"version-history":[{"count":20,"href":"https:\/\/www.clubatletismoalamillo.com\/index.php?rest_route=\/wp\/v2\/pages\/50894\/revisions"}],"predecessor-version":[{"id":51027,"href":"https:\/\/www.clubatletismoalamillo.com\/index.php?rest_route=\/wp\/v2\/pages\/50894\/revisions\/51027"}],"wp:attachment":[{"href":"https:\/\/www.clubatletismoalamillo.com\/index.php?rest_route=%2Fwp%2Fv2%2Fmedia&parent=50894"}],"curies":[{"name":"wp","href":"https:\/\/api.w.org\/{rel}","templated":true}]}}